{"id":17,"date":"2020-11-16T20:44:58","date_gmt":"2020-11-16T19:44:58","guid":{"rendered":"http:\/\/sn.sciencespo-lille.eu\/?page_id=17"},"modified":"2026-01-08T11:54:20","modified_gmt":"2026-01-08T10:54:20","slug":"presentation","status":"publish","type":"page","link":"https:\/\/sn.sciencespo-lille.eu\/","title":{"rendered":"Pr\u00e9sentation du Double Dipl\u00f4me Soci\u00e9t\u00e9s Num\u00e9riques (Sciences Po Lille \/ Centrale Lille)"},"content":{"rendered":"\n<p class=\"has-text-align-left\"><mark style=\"background-color:rgba(0, 0, 0, 0)\" class=\"has-inline-color has-black-color\">Bienvenue sur le site du Double Dipl\u00f4me <strong>Soci\u00e9t\u00e9s Num\u00e9riques (SN)<\/strong>, propos\u00e9 par Sciences Po Lille et l&rsquo;Ecole Centrale de Lille.<\/mark><\/p>\n\n\n\n<h2 class=\"wp-block-heading\" id=\"objectif-de-la-formation\">Objectif de la formation<\/h2>\n\n\n\n<p>Le double dipl\u00f4me Soci\u00e9t\u00e9s Num\u00e9riques (SN), propos\u00e9 en partenariat avec l\u2019\u00c9cole Centrale de Lille, forme aux grands enjeux contemporains du num\u00e9rique.<\/p>\n\n\n\n<p>Les donn\u00e9es num\u00e9riques, ainsi que les outils informatiques, algorithmiques et d\u2019intelligence artificielle (IA) permettant leur exploitation, sont aujourd\u2019hui mobilis\u00e9s dans de nombreux domaines. Ils constituent \u00e0 la fois des instruments de production de connaissances, de gouvernance et de surveillance, affectant les citoyens, les salari\u00e9s et les consommateurs.<\/p>\n\n\n\n<p>La num\u00e9risation transforme en profondeur le fonctionnement des organisations, notamment en mati\u00e8re de division du travail, de gestion des ressources humaines, de contr\u00f4le et de circulation de l\u2019information.<\/p>\n\n\n\n<p>Dans ce contexte, <strong>le double dipl\u00f4me Soci\u00e9t\u00e9s Num\u00e9riques (SN) propose une formation de haut niveau visant \u00e0 appr\u00e9hender ces enjeux dans leurs dimensions technique, \u00e9conomique et sociale.<\/strong> Il offre aux \u00e9tudiantes et aux \u00e9tudiants <strong>une solide formation pluridisciplinaire, articulant des comp\u00e9tences avanc\u00e9es en ing\u00e9nierie statistique et informatique (programmation, data science, machine learning, intelligence artificielle, etc.) avec des savoirs issus des sciences humaines et sociales (sociologie et \u00e9conomie du num\u00e9rique, droit des donn\u00e9es personnelles, \u00e9tudes d\u2019opinion, etc.).<\/strong><\/p>\n\n\n\n<p>Formation exigeante et r\u00e9solument interdisciplinaire, le double dipl\u00f4me Soci\u00e9t\u00e9s Num\u00e9riques (SN) pr\u00e9pare les \u00e9tudiantes et les \u00e9tudiants \u00e0 analyser, comprendre et ma\u00eetriser les ph\u00e9nom\u00e8nes num\u00e9riques dans toute leur complexit\u00e9, afin d\u2019en devenir des acteurs \u00e9clair\u00e9s et responsables.<\/p>\n\n\n\n<hr class=\"wp-block-separator has-text-color has-css-opacity has-background is-style-wide\" style=\"background-color:#ededed;color:#ededed\"\/>\n\n\n\n<h2 class=\"wp-block-heading\" id=\"principaux-debouches\">Principaux d\u00e9bouch\u00e9s<\/h2>\n\n\n\n<p>Le double dipl\u00f4me Soci\u00e9t\u00e9s Num\u00e9riques (SN) ouvre sur de nombreux d\u00e9bouch\u00e9s professionnels, en lien direct avec les d\u00e9fis num\u00e9riques auxquels sont confront\u00e9es les entreprises et les organisations, tant publiques que priv\u00e9es. Les dipl\u00f4m\u00e9es et dipl\u00f4m\u00e9s peuvent notamment acc\u00e9der aux m\u00e9tiers suivants :<\/p>\n\n\n\n<ul class=\"wp-block-list\">\n<li>Responsables en \u00e9thiques de l\u2019IA<\/li>\n\n\n\n<li>Charg\u00e9es, charg\u00e9s d\u2019\u00e9tudes<\/li>\n\n\n\n<li>Data analyst, data scientist<\/li>\n\n\n\n<li>UX\/UI Designer<\/li>\n\n\n\n<li>Consultantes, consultants dans la transformation num\u00e9rique<\/li>\n\n\n\n<li>Consultante, consultant en cybers\u00e9curit\u00e9<\/li>\n\n\n\n<li>D\u00e9l\u00e9gu\u00e9 \u00e0 la Protection des Donn\u00e9es (DPO)<\/li>\n\n\n\n<li>Charg\u00e9e, charg\u00e9 de projet inclusion num\u00e9rique<\/li>\n\n\n\n<li>R\u00e9gulation du num\u00e9rique et des plateformes<\/li>\n<\/ul>\n\n\n\n<hr class=\"wp-block-separator has-text-color has-css-opacity has-background is-style-wide\" style=\"background-color:#e6e6e6;color:#e6e6e6\"\/>\n\n\n\n<h2 class=\"wp-block-heading\" id=\"responsables-de-la-majeure-sn\">Responsables du double dipl\u00f4me SN<\/h2>\n\n\n\n<div class=\"wp-block-media-text alignwide is-stacked-on-mobile\" style=\"grid-template-columns:29% auto\"><figure class=\"wp-block-media-text__media\"><img loading=\"lazy\" decoding=\"async\" width=\"1024\" height=\"1024\" src=\"http:\/\/sn.sciencespo-lille.eu\/wp-content\/uploads\/2020\/12\/Julien-Boyadjian-HD-NB-1-1024x1024.png\" alt=\"\" class=\"wp-image-125 size-full\" srcset=\"https:\/\/sn.sciencespo-lille.eu\/wp-content\/uploads\/2020\/12\/Julien-Boyadjian-HD-NB-1-1024x1024.png 1024w, https:\/\/sn.sciencespo-lille.eu\/wp-content\/uploads\/2020\/12\/Julien-Boyadjian-HD-NB-1-300x300.png 300w, https:\/\/sn.sciencespo-lille.eu\/wp-content\/uploads\/2020\/12\/Julien-Boyadjian-HD-NB-1-150x150.png 150w, https:\/\/sn.sciencespo-lille.eu\/wp-content\/uploads\/2020\/12\/Julien-Boyadjian-HD-NB-1-768x768.png 768w, https:\/\/sn.sciencespo-lille.eu\/wp-content\/uploads\/2020\/12\/Julien-Boyadjian-HD-NB-1.png 1181w\" sizes=\"auto, (max-width: 1024px) 100vw, 1024px\" \/><\/figure><div class=\"wp-block-media-text__content\">\n<p class=\"has-large-font-size\"><strong>Julien Boyadjian<\/strong><\/p>\n\n\n\n<p><strong>Ma\u00eetre de conf\u00e9rence en science politique<\/strong><\/p>\n\n\n\n<p>Domaines de recherche : sociologie du num\u00e9rique, m\u00e9thodes d&rsquo;enqu\u00eate num\u00e9riques, sociologie et communication politique.<\/p>\n<\/div><\/div>\n\n\n\n<div class=\"wp-block-group\"><div class=\"wp-block-group__inner-container is-layout-flow wp-block-group-is-layout-flow\">\n<div class=\"wp-block-group\"><div class=\"wp-block-group__inner-container is-layout-flow wp-block-group-is-layout-flow\">\n<div class=\"wp-block-group\"><div class=\"wp-block-group__inner-container is-layout-flow wp-block-group-is-layout-flow\">\n<div class=\"wp-block-group\"><div class=\"wp-block-group__inner-container is-layout-flow wp-block-group-is-layout-flow\"><div class=\"wp-block-image\">\n<figure class=\"alignright size-large is-resized\"><img loading=\"lazy\" decoding=\"async\" width=\"1024\" height=\"1024\" src=\"http:\/\/sn.sciencespo-lille.eu\/wp-content\/uploads\/2021\/03\/Sans-titre-13-1024x1024.png\" alt=\"\" class=\"wp-image-270\" style=\"width:225px;height:225px\" srcset=\"https:\/\/sn.sciencespo-lille.eu\/wp-content\/uploads\/2021\/03\/Sans-titre-13-1024x1024.png 1024w, https:\/\/sn.sciencespo-lille.eu\/wp-content\/uploads\/2021\/03\/Sans-titre-13-300x300.png 300w, https:\/\/sn.sciencespo-lille.eu\/wp-content\/uploads\/2021\/03\/Sans-titre-13-150x150.png 150w, https:\/\/sn.sciencespo-lille.eu\/wp-content\/uploads\/2021\/03\/Sans-titre-13-768x768.png 768w, https:\/\/sn.sciencespo-lille.eu\/wp-content\/uploads\/2021\/03\/Sans-titre-13.png 1080w\" sizes=\"auto, (max-width: 1024px) 100vw, 1024px\" \/><\/figure><\/div><\/div><\/div>\n\n\n\n<p class=\"has-text-align-right has-large-font-size\"><strong>Claire B\u00e9lart <\/strong><\/p>\n\n\n\n<p class=\"has-text-align-right\"><strong>Enseignante-chercheuse en sociologie<\/strong>     <\/p>\n\n\n\n<p class=\"has-text-align-right\">Domaines d&rsquo;enseignement et de recherche : sociologie du num\u00e9rique, sociologie des organisations et du travail.                  <strong> <\/strong><\/p>\n<\/div><\/div>\n<\/div><\/div>\n<\/div><\/div>\n\n\n\n<div style=\"height:28px\" aria-hidden=\"true\" class=\"wp-block-spacer\"><\/div>\n\n\n\n<h2 class=\"wp-block-heading has-text-align-left\" id=\"edito-des-responsables-de-la-majeure\">\u00c9dito des responsables de la majeure<\/h2>\n\n\n\n<p class=\"has-drop-cap\">Nous sommes tr\u00e8s heureux de vous accueillir sur le site de la majeure Soci\u00e9t\u00e9s Num\u00e9riques (SN). Cette nouvelle formation, de niveau Master, est le produit d\u2019une collaboration in\u00e9dite entre Sciences Po Lille et l\u2019Ecole Centrale de Lille. Ces deux grandes \u00e9coles du site lillois ont d\u00e9cid\u00e9 de r\u00e9unir leurs comp\u00e9tences afin de former leurs \u00e9tudiantes et les \u00e9tudiants aux d\u00e9fis de la r\u00e9volution num\u00e9rique. Enseignement, travail, culture, information, \u00e9conomie : il n\u2019est pas un domaine qui ne soit aujourd\u2019hui impact\u00e9 par le processus de num\u00e9risation de nos soci\u00e9t\u00e9s. Afin de penser ces probl\u00e9matiques dans toute leur complexit\u00e9, la majeure Soci\u00e9t\u00e9s Num\u00e9riques offre une formation de haut niveau, articulant des enseignements de sciences humaines et sociales (sociologie et \u00e9conomie du num\u00e9rique, droit des donn\u00e9es personnelles, histoire de l\u2019intelligence artificielle et de l\u2019informatique, etc.) et d\u2019ing\u00e9nierie statistique et informatique (statistiques, informatique, science des donn\u00e9es, etc.). La pluridisciplinarit\u00e9, qui est l\u2019ADN de nos deux \u00e9coles, est en effet plus que jamais n\u00e9cessaire pour r\u00e9pondre \u00e0 ces d\u00e9fis (que l\u2019on pense \u00e0 la g\u00e9n\u00e9ralisation du t\u00e9l\u00e9travail, aux nouvelles logiques de circulation de l\u2019information, \u00e0 la question de la protection des donn\u00e9es personnelles, etc.). Analyser les soci\u00e9t\u00e9s num\u00e9riques n\u00e9cessite d\u2019ouvrir \u00ab la bo\u00eete noire \u00bb des algorithmes et de disposer pour ce faire d\u2019un minimum de culture informatique et scientifique. Mais les enjeux num\u00e9riques ne se r\u00e9duisent pas pour autant \u00e0 une suite de 0 et de 1 ! Il s\u2019agit, dans le m\u00eame temps, de contextualiser les donn\u00e9es, de donner du sens aux data. Et les sciences humaines et sociales sont pour cela des alli\u00e9es pr\u00e9cieuses ! Notre ambition est donc de d\u00e9livrer cette double comp\u00e9tence aux futurs dipl\u00f4m\u00e9s de la majeure Soci\u00e9t\u00e9s Num\u00e9riques. Nous vous invitons \u00e0 parcourir ce site, afin de d\u00e9couvrir les enseignements, les d\u00e9bouch\u00e9s et les conditions d\u2019acc\u00e8s \u00e0 cette nouvelle formation. Vous trouverez \u00e9galement une Foire aux Questions qui r\u00e9pondra \u00e0 certaines de vos interrogations. Nous vous souhaitons \u00e0 toutes et tous une excellente visite ! <\/p>\n\n\n\n<p class=\"has-text-align-right\"><strong>Julien Boyadjian<\/strong>, responsable de la formation \u00e0 Sciences Po Lille <\/p>\n\n\n\n<p class=\"has-text-align-right\"><strong>Claire B\u00e9lart<\/strong>, responsable de la formation \u00e0 l\u2019Ecole Centrale de Lille<\/p>\n\n\n\n<div style=\"height:20px\" aria-hidden=\"true\" class=\"wp-block-spacer\"><\/div>\n","protected":false},"excerpt":{"rendered":"<p>Bienvenue sur le site du Double Dipl\u00f4me Soci\u00e9t\u00e9s Num\u00e9riques (SN), propos\u00e9 par Sciences Po Lille et l&rsquo;Ecole Centrale de Lille. Objectif de la formation Le double dipl\u00f4me Soci\u00e9t\u00e9s Num\u00e9riques (SN), propos\u00e9 en partenariat avec l\u2019\u00c9cole Centrale de Lille, forme aux grands enjeux contemporains du num\u00e9rique. Les donn\u00e9es num\u00e9riques, ainsi que les outils informatiques, algorithmiques et [&hellip;]<\/p>\n","protected":false},"author":1,"featured_media":0,"parent":0,"menu_order":0,"comment_status":"closed","ping_status":"closed","template":"","meta":{"_seopress_robots_primary_cat":"","_seopress_titles_title":"","_seopress_titles_desc":"","_seopress_robots_index":"","ocean_post_layout":"","ocean_both_sidebars_style":"","ocean_both_sidebars_content_width":0,"ocean_both_sidebars_sidebars_width":0,"ocean_sidebar":"0","ocean_second_sidebar":"0","ocean_disable_margins":"enable","ocean_add_body_class":"","ocean_shortcode_before_top_bar":"","ocean_shortcode_after_top_bar":"","ocean_shortcode_before_header":"","ocean_shortcode_after_header":"","ocean_has_shortcode":"","ocean_shortcode_after_title":"","ocean_shortcode_before_footer_widgets":"","ocean_shortcode_after_footer_widgets":"","ocean_shortcode_before_footer_bottom":"","ocean_shortcode_after_footer_bottom":"","ocean_display_top_bar":"default","ocean_display_header":"default","ocean_header_style":"","ocean_center_header_left_menu":"0","ocean_custom_header_template":"0","ocean_custom_logo":0,"ocean_custom_retina_logo":0,"ocean_custom_logo_max_width":0,"ocean_custom_logo_tablet_max_width":0,"ocean_custom_logo_mobile_max_width":0,"ocean_custom_logo_max_height":0,"ocean_custom_logo_tablet_max_height":0,"ocean_custom_logo_mobile_max_height":0,"ocean_header_custom_menu":"0","ocean_menu_typo_font_family":"0","ocean_menu_typo_font_subset":"","ocean_menu_typo_font_size":0,"ocean_menu_typo_font_size_tablet":0,"ocean_menu_typo_font_size_mobile":0,"ocean_menu_typo_font_size_unit":"px","ocean_menu_typo_font_weight":"","ocean_menu_typo_font_weight_tablet":"","ocean_menu_typo_font_weight_mobile":"","ocean_menu_typo_transform":"","ocean_menu_typo_transform_tablet":"","ocean_menu_typo_transform_mobile":"","ocean_menu_typo_line_height":0,"ocean_menu_typo_line_height_tablet":0,"ocean_menu_typo_line_height_mobile":0,"ocean_menu_typo_line_height_unit":"","ocean_menu_typo_spacing":0,"ocean_menu_typo_spacing_tablet":0,"ocean_menu_typo_spacing_mobile":0,"ocean_menu_typo_spacing_unit":"","ocean_menu_link_color":"","ocean_menu_link_color_hover":"","ocean_menu_link_color_active":"","ocean_menu_link_background":"","ocean_menu_link_hover_background":"","ocean_menu_link_active_background":"","ocean_menu_social_links_bg":"","ocean_menu_social_hover_links_bg":"","ocean_menu_social_links_color":"","ocean_menu_social_hover_links_color":"","ocean_disable_title":"default","ocean_disable_heading":"default","ocean_post_title":"","ocean_post_subheading":"","ocean_post_title_style":"","ocean_post_title_background_color":"","ocean_post_title_background":0,"ocean_post_title_bg_image_position":"","ocean_post_title_bg_image_attachment":"","ocean_post_title_bg_image_repeat":"","ocean_post_title_bg_image_size":"","ocean_post_title_height":0,"ocean_post_title_bg_overlay":0.5,"ocean_post_title_bg_overlay_color":"","ocean_disable_breadcrumbs":"default","ocean_breadcrumbs_color":"","ocean_breadcrumbs_separator_color":"","ocean_breadcrumbs_links_color":"","ocean_breadcrumbs_links_hover_color":"","ocean_display_footer_widgets":"default","ocean_display_footer_bottom":"default","ocean_custom_footer_template":"0","footnotes":""},"class_list":["post-17","page","type-page","status-publish","hentry","entry"],"_links":{"self":[{"href":"https:\/\/sn.sciencespo-lille.eu\/index.php\/wp-json\/wp\/v2\/pages\/17","targetHints":{"allow":["GET"]}}],"collection":[{"href":"https:\/\/sn.sciencespo-lille.eu\/index.php\/wp-json\/wp\/v2\/pages"}],"about":[{"href":"https:\/\/sn.sciencespo-lille.eu\/index.php\/wp-json\/wp\/v2\/types\/page"}],"author":[{"embeddable":true,"href":"https:\/\/sn.sciencespo-lille.eu\/index.php\/wp-json\/wp\/v2\/users\/1"}],"replies":[{"embeddable":true,"href":"https:\/\/sn.sciencespo-lille.eu\/index.php\/wp-json\/wp\/v2\/comments?post=17"}],"version-history":[{"count":49,"href":"https:\/\/sn.sciencespo-lille.eu\/index.php\/wp-json\/wp\/v2\/pages\/17\/revisions"}],"predecessor-version":[{"id":481,"href":"https:\/\/sn.sciencespo-lille.eu\/index.php\/wp-json\/wp\/v2\/pages\/17\/revisions\/481"}],"wp:attachment":[{"href":"https:\/\/sn.sciencespo-lille.eu\/index.php\/wp-json\/wp\/v2\/media?parent=17"}],"curies":[{"name":"wp","href":"https:\/\/api.w.org\/{rel}","templated":true}]}}