{"id":437,"date":"2023-12-17T11:55:29","date_gmt":"2023-12-17T10:55:29","guid":{"rendered":"https:\/\/sn.sciencespo-lille.eu\/?page_id=437"},"modified":"2023-12-17T11:56:03","modified_gmt":"2023-12-17T10:56:03","slug":"homepage-digital-societies-major","status":"publish","type":"page","link":"https:\/\/sn.sciencespo-lille.eu\/index.php\/homepage-digital-societies-major\/","title":{"rendered":"Homepage &#8211; \u00ab\u00a0Digital Societies\u00a0\u00bb Major"},"content":{"rendered":"\n<p>Welcome to the website of the Double Degree Digital Societies (SN), offered by Sciences Po Lille and Ecole Centrale de Lille.<\/p>\n\n\n\n<p><\/p>\n\n\n\n<h2 class=\"wp-block-heading\"><strong>Course objective<\/strong><\/h2>\n\n\n\n<p>The Double Degree <strong>Soci\u00e9t\u00e9s Num\u00e9riques (SN)\/Digital Societies<\/strong>, offered in partnership with<strong> \u00c9cole Centrale de Lille,<\/strong> provides training in the major issues associated with the digital revolution.\u00a0<\/p>\n\n\n\n<p>Mass digital data &#8211; big data &#8211; and the IT and algorithmic tools that make it possible to exploit them are being used in a wide range of fields, as instruments of knowledge, governance, and sometimes even surveillance of citizens, employees and consumers.<\/p>\n\n\n\n<p>Digitization is also having an impact on the way organizations function, in terms of the division of labor and human resources management, as well as the control and circulation of information.<\/p>\n\n\n\n<p>The Digital Societies (SN) double degree offers a <strong>high-level training program<\/strong> that enables students to grasp the technical, economic and social dimensions of these issues and tools, providing them with cross-disciplinary skills in <strong>statistical and computer engineering<\/strong> (programming, data science, machine learning, etc.) and <strong>human and social sciences<\/strong> (sociology and economics of the digital era, personal data law, opinion research, etc.).<\/p>\n\n\n\n<p>A demanding multi-disciplinary course, the Digital Societies (DS) major prepares students to tackle digital phenomena in all their complexity.<\/p>\n\n\n\n<hr class=\"wp-block-separator has-text-color has-background is-style-wide\" style=\"background-color:#ededed;color:#ededed\"\/>\n\n\n\n<h2 class=\"wp-block-heading\"><strong>Main career opportunities<\/strong><\/h2>\n\n\n\n<p>The Digital Societies (DS) major offers a wide range of career opportunities, corresponding to the growing challenges faced by organizations (public, private or non-market) in terms of digitization.<\/p>\n\n\n\n<p>In particular, students are trained for <strong>careers in research and consulting, with specific expertise in mastering digital data and tools:<\/strong><\/p>\n\n\n\n<ul class=\"wp-block-list\"><li>Digital research managers<\/li><li>Quantitative research managers<\/li><li>Data analysts<\/li><li>Digital strategy consultants<\/li><li>Consulting professions<\/li><li>Digital project managers<\/li><li>RGPD and DPO consultants<\/li><li>User experience research<\/li><li>And much more!<\/li><\/ul>\n\n\n\n<p>Here are just a few examples of the end-of-studies internships (6 months) currently being carried out (2023) by the first SN graduating class: User experience research at Deezer, assistant cinema researcher at M\u00e9diam\u00e9trie, digital experience manager at Chanel, legal consultant at an RGPD firm, User research at M\u00e9dicalib, etc.<\/p>\n\n\n\n<hr class=\"wp-block-separator has-text-color has-background is-style-wide\" style=\"background-color:#ededed;color:#ededed\"\/>\n\n\n\n<h2 class=\"wp-block-heading\"><strong>Heads of the SN major<\/strong><\/h2>\n\n\n\n<div class=\"wp-block-media-text alignwide is-stacked-on-mobile\" style=\"grid-template-columns:31% auto\"><figure class=\"wp-block-media-text__media\"><img loading=\"lazy\" decoding=\"async\" width=\"1024\" height=\"1024\" src=\"https:\/\/sn.sciencespo-lille.eu\/wp-content\/uploads\/2020\/12\/Julien-Boyadjian-HD-NB-1-1024x1024.png\" alt=\"\" class=\"wp-image-125 size-full\" srcset=\"https:\/\/sn.sciencespo-lille.eu\/wp-content\/uploads\/2020\/12\/Julien-Boyadjian-HD-NB-1-1024x1024.png 1024w, https:\/\/sn.sciencespo-lille.eu\/wp-content\/uploads\/2020\/12\/Julien-Boyadjian-HD-NB-1-300x300.png 300w, https:\/\/sn.sciencespo-lille.eu\/wp-content\/uploads\/2020\/12\/Julien-Boyadjian-HD-NB-1-150x150.png 150w, https:\/\/sn.sciencespo-lille.eu\/wp-content\/uploads\/2020\/12\/Julien-Boyadjian-HD-NB-1-768x768.png 768w, https:\/\/sn.sciencespo-lille.eu\/wp-content\/uploads\/2020\/12\/Julien-Boyadjian-HD-NB-1.png 1181w\" sizes=\"auto, (max-width: 1024px) 100vw, 1024px\" \/><\/figure><div class=\"wp-block-media-text__content\">\n<p class=\"has-large-font-size\">Julien Boyadjian<\/p>\n\n\n\n<p><strong>Senior lecturer in political science<\/strong><\/p>\n\n\n\n<p>Research areas: sociology of the digital age, digital survey methods, sociology and political communication<\/p>\n\n\n\n<p><\/p>\n<\/div><\/div>\n\n\n\n<div style=\"height:30px\" aria-hidden=\"true\" class=\"wp-block-spacer\"><\/div>\n\n\n\n<div class=\"wp-block-media-text alignwide has-media-on-the-right is-stacked-on-mobile\" style=\"grid-template-columns:auto 29%\"><figure class=\"wp-block-media-text__media\"><img loading=\"lazy\" decoding=\"async\" width=\"1024\" height=\"1024\" src=\"https:\/\/sn.sciencespo-lille.eu\/wp-content\/uploads\/2021\/03\/Sans-titre-13-1024x1024.png\" alt=\"\" class=\"wp-image-270 size-full\" srcset=\"https:\/\/sn.sciencespo-lille.eu\/wp-content\/uploads\/2021\/03\/Sans-titre-13-1024x1024.png 1024w, https:\/\/sn.sciencespo-lille.eu\/wp-content\/uploads\/2021\/03\/Sans-titre-13-300x300.png 300w, https:\/\/sn.sciencespo-lille.eu\/wp-content\/uploads\/2021\/03\/Sans-titre-13-150x150.png 150w, https:\/\/sn.sciencespo-lille.eu\/wp-content\/uploads\/2021\/03\/Sans-titre-13-768x768.png 768w, https:\/\/sn.sciencespo-lille.eu\/wp-content\/uploads\/2021\/03\/Sans-titre-13.png 1080w\" sizes=\"auto, (max-width: 1024px) 100vw, 1024px\" \/><\/figure><div class=\"wp-block-media-text__content\">\n<p class=\"has-text-align-right has-large-font-size\"><strong>Claire B\u00e9lart<\/strong><\/p>\n\n\n\n<p class=\"has-text-align-right\">Lecturer-researcher in sociology<\/p>\n\n\n\n<p class=\"has-text-align-right\">Teaching and research areas: sociology of the digital age, sociology of organizations and work<\/p>\n<\/div><\/div>\n\n\n\n<div style=\"height:35px\" aria-hidden=\"true\" class=\"wp-block-spacer\"><\/div>\n\n\n\n<h2 class=\"wp-block-heading\">Editorial by the heads of the major<\/h2>\n\n\n\n<p class=\"has-drop-cap\">We are delighted to welcome you to the website of the Digital Societies (DS) major. This new Master&rsquo;s-level program is the result of an unprecedented collaboration between Sciences Po Lille and the Ecole Centrale de Lille. These two leading schools on the Lille site have decided to pool their skills to train their students to meet the challenges of the digital revolution. Education, work, culture, information, the economy: there isn&rsquo;t an area that isn&rsquo;t impacted by the digitization of our societies. In order to address these issues in all their complexity, the Digital Societies major offers high-level training, combining courses in the humanities and social sciences (sociology and economics of the digital era, personal data law, history of artificial intelligence and computer science, etc.) and statistical and computer engineering (statistics, computer science, data science, etc.). Multidisciplinarity, which is the DNA of our two schools, is indeed more than ever necessary to meet these challenges (whether we think of the generalization of telecommuting, new logics of information circulation, the question of personal data protection, etc.). To analyze digital societies, we need to open the \u00ab\u00a0black box\u00a0\u00bb of algorithms, and to do so, we need a minimum level of computer and scientific literacy. However, digital challenges cannot be reduced to a series of 0s and 1s! At the same time, we need to contextualize data, to give it meaning. And the human and social sciences are invaluable allies in this process! Our ambition is to deliver this dual skill to future graduates of the Digital Societies major. We invite you to take a look at this website, to find out more about the courses we offer, the career opportunities available and the conditions of access to this new training program. You&rsquo;ll also find a Frequently Asked Questions section to answer some of your questions. We hope you enjoy your visit!<\/p>\n\n\n\n<p class=\"has-text-align-right\"><strong>Julien Boyadjian, head of training at Sciences Po Lille<\/strong><\/p>\n\n\n\n<p class=\"has-text-align-right\"><strong>Claire B\u00e9lart, Head of Training at Ecole Centrale de Lille<\/strong><\/p>\n","protected":false},"excerpt":{"rendered":"<p>Welcome to the website of the Double Degree Digital Societies (SN), offered by Sciences Po Lille and Ecole Centrale de Lille. Course objective The Double Degree Soci\u00e9t\u00e9s Num\u00e9riques (SN)\/Digital Societies, offered in partnership with \u00c9cole Centrale de Lille, provides training in the major issues associated with the digital revolution.\u00a0 Mass digital data &#8211; big data [&hellip;]<\/p>\n","protected":false},"author":1,"featured_media":0,"parent":0,"menu_order":0,"comment_status":"closed","ping_status":"closed","template":"","meta":{"_seopress_robots_primary_cat":"","_seopress_titles_title":"","_seopress_titles_desc":"","_seopress_robots_index":"","ocean_post_layout":"","ocean_both_sidebars_style":"","ocean_both_sidebars_content_width":0,"ocean_both_sidebars_sidebars_width":0,"ocean_sidebar":"0","ocean_second_sidebar":"0","ocean_disable_margins":"enable","ocean_add_body_class":"","ocean_shortcode_before_top_bar":"","ocean_shortcode_after_top_bar":"","ocean_shortcode_before_header":"","ocean_shortcode_after_header":"","ocean_has_shortcode":"","ocean_shortcode_after_title":"","ocean_shortcode_before_footer_widgets":"","ocean_shortcode_after_footer_widgets":"","ocean_shortcode_before_footer_bottom":"","ocean_shortcode_after_footer_bottom":"","ocean_display_top_bar":"default","ocean_display_header":"default","ocean_header_style":"","ocean_center_header_left_menu":"0","ocean_custom_header_template":"0","ocean_custom_logo":0,"ocean_custom_retina_logo":0,"ocean_custom_logo_max_width":0,"ocean_custom_logo_tablet_max_width":0,"ocean_custom_logo_mobile_max_width":0,"ocean_custom_logo_max_height":0,"ocean_custom_logo_tablet_max_height":0,"ocean_custom_logo_mobile_max_height":0,"ocean_header_custom_menu":"0","ocean_menu_typo_font_family":"0","ocean_menu_typo_font_subset":"","ocean_menu_typo_font_size":0,"ocean_menu_typo_font_size_tablet":0,"ocean_menu_typo_font_size_mobile":0,"ocean_menu_typo_font_size_unit":"px","ocean_menu_typo_font_weight":"","ocean_menu_typo_font_weight_tablet":"","ocean_menu_typo_font_weight_mobile":"","ocean_menu_typo_transform":"","ocean_menu_typo_transform_tablet":"","ocean_menu_typo_transform_mobile":"","ocean_menu_typo_line_height":0,"ocean_menu_typo_line_height_tablet":0,"ocean_menu_typo_line_height_mobile":0,"ocean_menu_typo_line_height_unit":"","ocean_menu_typo_spacing":0,"ocean_menu_typo_spacing_tablet":0,"ocean_menu_typo_spacing_mobile":0,"ocean_menu_typo_spacing_unit":"","ocean_menu_link_color":"","ocean_menu_link_color_hover":"","ocean_menu_link_color_active":"","ocean_menu_link_background":"","ocean_menu_link_hover_background":"","ocean_menu_link_active_background":"","ocean_menu_social_links_bg":"","ocean_menu_social_hover_links_bg":"","ocean_menu_social_links_color":"","ocean_menu_social_hover_links_color":"","ocean_disable_title":"default","ocean_disable_heading":"default","ocean_post_title":"","ocean_post_subheading":"","ocean_post_title_style":"","ocean_post_title_background_color":"","ocean_post_title_background":0,"ocean_post_title_bg_image_position":"","ocean_post_title_bg_image_attachment":"","ocean_post_title_bg_image_repeat":"","ocean_post_title_bg_image_size":"","ocean_post_title_height":0,"ocean_post_title_bg_overlay":0.5,"ocean_post_title_bg_overlay_color":"","ocean_disable_breadcrumbs":"default","ocean_breadcrumbs_color":"","ocean_breadcrumbs_separator_color":"","ocean_breadcrumbs_links_color":"","ocean_breadcrumbs_links_hover_color":"","ocean_display_footer_widgets":"default","ocean_display_footer_bottom":"default","ocean_custom_footer_template":"0","footnotes":""},"class_list":["post-437","page","type-page","status-publish","hentry","entry"],"_links":{"self":[{"href":"https:\/\/sn.sciencespo-lille.eu\/index.php\/wp-json\/wp\/v2\/pages\/437","targetHints":{"allow":["GET"]}}],"collection":[{"href":"https:\/\/sn.sciencespo-lille.eu\/index.php\/wp-json\/wp\/v2\/pages"}],"about":[{"href":"https:\/\/sn.sciencespo-lille.eu\/index.php\/wp-json\/wp\/v2\/types\/page"}],"author":[{"embeddable":true,"href":"https:\/\/sn.sciencespo-lille.eu\/index.php\/wp-json\/wp\/v2\/users\/1"}],"replies":[{"embeddable":true,"href":"https:\/\/sn.sciencespo-lille.eu\/index.php\/wp-json\/wp\/v2\/comments?post=437"}],"version-history":[{"count":2,"href":"https:\/\/sn.sciencespo-lille.eu\/index.php\/wp-json\/wp\/v2\/pages\/437\/revisions"}],"predecessor-version":[{"id":442,"href":"https:\/\/sn.sciencespo-lille.eu\/index.php\/wp-json\/wp\/v2\/pages\/437\/revisions\/442"}],"wp:attachment":[{"href":"https:\/\/sn.sciencespo-lille.eu\/index.php\/wp-json\/wp\/v2\/media?parent=437"}],"curies":[{"name":"wp","href":"https:\/\/api.w.org\/{rel}","templated":true}]}}