{"id":82,"date":"2020-12-07T17:59:17","date_gmt":"2020-12-07T16:59:17","guid":{"rendered":"http:\/\/sn.sciencespo-lille.eu\/?page_id=82"},"modified":"2023-12-20T12:30:29","modified_gmt":"2023-12-20T11:30:29","slug":"temoignages-detudiants-et-etudiantes-de-la-majeure-sn","status":"publish","type":"page","link":"https:\/\/sn.sciencespo-lille.eu\/index.php\/temoignages-detudiants-et-etudiantes-de-la-majeure-sn\/","title":{"rendered":"T\u00e9moignages d&rsquo;\u00e9tudiantes et \u00e9tudiants de la majeure SN"},"content":{"rendered":"\n<div class=\"wp-block-image\"><figure class=\"aligncenter size-large is-resized\"><img loading=\"lazy\" decoding=\"async\" src=\"http:\/\/sn.sciencespo-lille.eu\/wp-content\/uploads\/2020\/12\/Sans-titre-40.png\" alt=\"\" class=\"wp-image-136\" width=\"150\" height=\"150\" srcset=\"https:\/\/sn.sciencespo-lille.eu\/wp-content\/uploads\/2020\/12\/Sans-titre-40.png 500w, https:\/\/sn.sciencespo-lille.eu\/wp-content\/uploads\/2020\/12\/Sans-titre-40-300x300.png 300w, https:\/\/sn.sciencespo-lille.eu\/wp-content\/uploads\/2020\/12\/Sans-titre-40-150x150.png 150w\" sizes=\"auto, (max-width: 150px) 100vw, 150px\" \/><\/figure><\/div>\n\n\n\n<figure class=\"wp-block-video\"><video controls src=\"https:\/\/sn.sciencespo-lille.eu\/wp-content\/uploads\/2023\/12\/Vide\u0301o-SN-finale.mp4\"><\/video><figcaption>SN vue par ses ambassadeur.ice.s<\/figcaption><\/figure>\n\n\n\n<div style=\"height:19px\" aria-hidden=\"true\" class=\"wp-block-spacer\"><\/div>\n\n\n\n<hr class=\"wp-block-separator is-style-wide\"\/>\n\n\n\n<p><strong>Margot Th\u00e9tiot<\/strong>, promotion 2023 (Denis Mukwege)<\/p>\n\n\n\n<p><strong>Pourquoi avez-vous choisi cette majeure ?<\/strong><\/p>\n\n\n\n<blockquote class=\"wp-block-quote is-layout-flow wp-block-quote-is-layout-flow\"><p>\u201cJ&rsquo;ai choisi cette majeure car j&rsquo;\u00e9tais tr\u00e8s int\u00e9ress\u00e9e par les questions sociales li\u00e9es au num\u00e9rique et aux nouvelles technologies. J&rsquo;avais donc envie d&rsquo;acqu\u00e9rir des connaissances sur le sujet. L&rsquo;aspect technique abord\u00e9 gr\u00e2ce \u00e0 Centrale a fini de me s\u00e9duire, car j&rsquo;ai toujours souhait\u00e9 apprendre des rudiments de codes.\u201d<\/p><\/blockquote>\n\n\n\n<p><strong>Qu\u2019est-ce qui vous pla\u00eet le plus ?<\/strong><\/p>\n\n\n\n<blockquote class=\"wp-block-quote is-layout-flow wp-block-quote-is-layout-flow\"><p>\u201cJ&rsquo;appr\u00e9cie la pluridisciplinarit\u00e9 du master tout en gardant le sujet du num\u00e9rique fortement ancr\u00e9. Cela nous a laiss\u00e9 un choix immense dans nos choix de m\u00e9moires, et cela permet de ne jamais s&rsquo;ennuyer en cours car le sujet principal de notre master est toujours pr\u00e9sent.\u201d<\/p><\/blockquote>\n\n\n\n<p><strong>Qu\u2019est-ce que cette formation vous a apport\u00e9 ?<\/strong><\/p>\n\n\n\n<blockquote class=\"wp-block-quote is-layout-flow wp-block-quote-is-layout-flow\"><p>\u201cLe master SN m&rsquo;a apport\u00e9 une forte sp\u00e9cialisation sur les questions num\u00e9riques. J&rsquo;ai personnellement choisi de me pencher davantage sur l&rsquo;analyse des dynamiques de communaut\u00e9 dans le jeu vid\u00e9o ainsi que sur la plateforme Twitch. N\u00e9anmoins, chaque personne dans la classe a pu choisir sa propre sp\u00e9cialisation, ce qui permet d&rsquo;apprendre toujours plus sur diff\u00e9rents sujets comme le droit autour des donn\u00e9es, l&rsquo;\u00e9cologie, ou la culture.&nbsp;Le master est \u00e9galement un point d&rsquo;entr\u00e9e tr\u00e8s int\u00e9ressant pour se lancer dans une carri\u00e8re de charg\u00e9-e d&rsquo;\u00e9tudes, car l&rsquo;on apprend \u00e0 utiliser des outils pour r\u00e9aliser du quantitatif et qualitatif, mais \u00e9galement \u00e0 analyser des chiffres et statistiques.\u201d<\/p><\/blockquote>\n","protected":false},"excerpt":{"rendered":"<p>Margot Th\u00e9tiot, promotion 2023 (Denis Mukwege) Pourquoi avez-vous choisi cette majeure ? \u201cJ&rsquo;ai choisi cette majeure car j&rsquo;\u00e9tais tr\u00e8s int\u00e9ress\u00e9e par les questions sociales li\u00e9es au num\u00e9rique et aux nouvelles technologies. J&rsquo;avais donc envie d&rsquo;acqu\u00e9rir des connaissances sur le sujet. L&rsquo;aspect technique abord\u00e9 gr\u00e2ce \u00e0 Centrale a fini de me s\u00e9duire, car j&rsquo;ai toujours souhait\u00e9 [&hellip;]<\/p>\n","protected":false},"author":1,"featured_media":0,"parent":0,"menu_order":0,"comment_status":"closed","ping_status":"closed","template":"","meta":{"_seopress_robots_primary_cat":"","_seopress_titles_title":"","_seopress_titles_desc":"","_seopress_robots_index":"","ocean_post_layout":"","ocean_both_sidebars_style":"","ocean_both_sidebars_content_width":0,"ocean_both_sidebars_sidebars_width":0,"ocean_sidebar":"0","ocean_second_sidebar":"0","ocean_disable_margins":"enable","ocean_add_body_class":"","ocean_shortcode_before_top_bar":"","ocean_shortcode_after_top_bar":"","ocean_shortcode_before_header":"","ocean_shortcode_after_header":"","ocean_has_shortcode":"","ocean_shortcode_after_title":"","ocean_shortcode_before_footer_widgets":"","ocean_shortcode_after_footer_widgets":"","ocean_shortcode_before_footer_bottom":"","ocean_shortcode_after_footer_bottom":"","ocean_display_top_bar":"default","ocean_display_header":"default","ocean_header_style":"","ocean_center_header_left_menu":"0","ocean_custom_header_template":"0","ocean_custom_logo":0,"ocean_custom_retina_logo":0,"ocean_custom_logo_max_width":0,"ocean_custom_logo_tablet_max_width":0,"ocean_custom_logo_mobile_max_width":0,"ocean_custom_logo_max_height":0,"ocean_custom_logo_tablet_max_height":0,"ocean_custom_logo_mobile_max_height":0,"ocean_header_custom_menu":"0","ocean_menu_typo_font_family":"0","ocean_menu_typo_font_subset":"","ocean_menu_typo_font_size":0,"ocean_menu_typo_font_size_tablet":0,"ocean_menu_typo_font_size_mobile":0,"ocean_menu_typo_font_size_unit":"px","ocean_menu_typo_font_weight":"","ocean_menu_typo_font_weight_tablet":"","ocean_menu_typo_font_weight_mobile":"","ocean_menu_typo_transform":"","ocean_menu_typo_transform_tablet":"","ocean_menu_typo_transform_mobile":"","ocean_menu_typo_line_height":0,"ocean_menu_typo_line_height_tablet":0,"ocean_menu_typo_line_height_mobile":0,"ocean_menu_typo_line_height_unit":"","ocean_menu_typo_spacing":0,"ocean_menu_typo_spacing_tablet":0,"ocean_menu_typo_spacing_mobile":0,"ocean_menu_typo_spacing_unit":"","ocean_menu_link_color":"","ocean_menu_link_color_hover":"","ocean_menu_link_color_active":"","ocean_menu_link_background":"","ocean_menu_link_hover_background":"","ocean_menu_link_active_background":"","ocean_menu_social_links_bg":"","ocean_menu_social_hover_links_bg":"","ocean_menu_social_links_color":"","ocean_menu_social_hover_links_color":"","ocean_disable_title":"default","ocean_disable_heading":"default","ocean_post_title":"","ocean_post_subheading":"","ocean_post_title_style":"","ocean_post_title_background_color":"","ocean_post_title_background":0,"ocean_post_title_bg_image_position":"","ocean_post_title_bg_image_attachment":"","ocean_post_title_bg_image_repeat":"","ocean_post_title_bg_image_size":"","ocean_post_title_height":0,"ocean_post_title_bg_overlay":0.5,"ocean_post_title_bg_overlay_color":"","ocean_disable_breadcrumbs":"default","ocean_breadcrumbs_color":"","ocean_breadcrumbs_separator_color":"","ocean_breadcrumbs_links_color":"","ocean_breadcrumbs_links_hover_color":"","ocean_display_footer_widgets":"default","ocean_display_footer_bottom":"default","ocean_custom_footer_template":"0","footnotes":""},"class_list":["post-82","page","type-page","status-publish","hentry","entry"],"_links":{"self":[{"href":"https:\/\/sn.sciencespo-lille.eu\/index.php\/wp-json\/wp\/v2\/pages\/82","targetHints":{"allow":["GET"]}}],"collection":[{"href":"https:\/\/sn.sciencespo-lille.eu\/index.php\/wp-json\/wp\/v2\/pages"}],"about":[{"href":"https:\/\/sn.sciencespo-lille.eu\/index.php\/wp-json\/wp\/v2\/types\/page"}],"author":[{"embeddable":true,"href":"https:\/\/sn.sciencespo-lille.eu\/index.php\/wp-json\/wp\/v2\/users\/1"}],"replies":[{"embeddable":true,"href":"https:\/\/sn.sciencespo-lille.eu\/index.php\/wp-json\/wp\/v2\/comments?post=82"}],"version-history":[{"count":7,"href":"https:\/\/sn.sciencespo-lille.eu\/index.php\/wp-json\/wp\/v2\/pages\/82\/revisions"}],"predecessor-version":[{"id":451,"href":"https:\/\/sn.sciencespo-lille.eu\/index.php\/wp-json\/wp\/v2\/pages\/82\/revisions\/451"}],"wp:attachment":[{"href":"https:\/\/sn.sciencespo-lille.eu\/index.php\/wp-json\/wp\/v2\/media?parent=82"}],"curies":[{"name":"wp","href":"https:\/\/api.w.org\/{rel}","templated":true}]}}