{"id":84,"date":"2020-12-07T18:01:28","date_gmt":"2020-12-07T17:01:28","guid":{"rendered":"http:\/\/sn.sciencespo-lille.eu\/?page_id=84"},"modified":"2021-03-11T11:53:43","modified_gmt":"2021-03-11T10:53:43","slug":"faq","status":"publish","type":"page","link":"https:\/\/sn.sciencespo-lille.eu\/index.php\/faq\/","title":{"rendered":"FAQ"},"content":{"rendered":"\n<h2 class=\"has-text-align-center wp-block-heading\">Foire aux Questions<\/h2>\n\n\n\n<div class=\"wp-block-image\"><figure class=\"aligncenter size-large is-resized\"><img loading=\"lazy\" decoding=\"async\" src=\"http:\/\/sn.sciencespo-lille.eu\/wp-content\/uploads\/2020\/12\/Sans-titre-38.png\" alt=\"\" class=\"wp-image-138\" width=\"150\" height=\"150\" srcset=\"https:\/\/sn.sciencespo-lille.eu\/wp-content\/uploads\/2020\/12\/Sans-titre-38.png 500w, https:\/\/sn.sciencespo-lille.eu\/wp-content\/uploads\/2020\/12\/Sans-titre-38-300x300.png 300w, https:\/\/sn.sciencespo-lille.eu\/wp-content\/uploads\/2020\/12\/Sans-titre-38-150x150.png 150w\" sizes=\"auto, (max-width: 150px) 100vw, 150px\" \/><\/figure><\/div>\n\n\n\n<p><\/p>\n\n\n\n<p class=\"has-medium-font-size\"><strong>Comment int\u00e9grer la majeure Soci\u00e9t\u00e9s Num\u00e9riques ?<\/strong><\/p>\n\n\n\n<p>Si vous \u00eates inscrit(e) \u00e0 Sciences Po Lille en premier cycle : l\u2019admission se fait dans le cadre de la proc\u00e9dure commune d\u2019affectation en cycle master (\u00e9valuation du dossier de motivation), suivi d\u2019un oral d\u2019admission. \u00c0 noter que seuls les \u00e9tudiant(e) issu(e)s de la fili\u00e8re g\u00e9n\u00e9rale, de la fili\u00e8re franco-allemande (FIFA) et de la fili\u00e8re franco-britannique (FIFB) peuvent int\u00e9grer cette majeure. Si vous \u00eates inscrit(e) \u00e0 Centrale Lille, l\u2019admission de fait dans le cadre d\u2019une demande de C\u00e9sure (dossier de motivation), suivi d\u2019un oral d\u2019admission. Si vous n\u2019\u00eates inscrit(e) dans aucun de ces deux \u00e9tablissements, et que vous poss\u00e9dez un niveau Bac+3 (ou \u00e9quivalent), vous devez vous inscrire au concours d\u2019entr\u00e9e en 4\u00e8me ann\u00e9e de Sciences Po Lille (\u00e9preuves \u00e9crites + oral d\u2019admission).<\/p>\n\n\n\n<p class=\"has-medium-font-size\"><br><strong>S\u2019agit-il d\u2019un double dipl\u00f4me ?<\/strong><\/p>\n\n\n\n<p>Les \u00e9tudiant(e)s de Centrale Lille obtiendront \u00e0 la fin de leur formation leur dipl\u00f4me d\u2019ing\u00e9nieur et le dipl\u00f4me d\u2019\u00c9tablissement de Sciences Po Lille.<br>Les \u00e9tudiant(e)s de Sciences Po Lille \u2013 entr\u00e9(e)s en premi\u00e8re ann\u00e9e ou directement en quatri\u00e8me ann\u00e9e \u2013 obtiendront \u00e0 la fin de leur formation le dipl\u00f4me d\u2019\u00c9tablissement de Sciences Po Lille ainsi qu\u2019un dipl\u00f4me d\u2019\u00c9tablissement d\u00e9livr\u00e9 par Centrale Lille.<\/p>\n\n\n\n<p class=\"has-medium-font-size\"><br><strong>Existe-t-il des pr\u00e9requis pour int\u00e9grer la formation ?<\/strong><\/p>\n\n\n\n<p>Il n\u2019existe pas de pr\u00e9requis \u00e0 proprement parler pour int\u00e9grer la formation. Il est n\u00e9anmoins attendu des candidat(e)s issu(e)s de Sciences Po Lille (ou d\u2019autres formations \u00e9quivalentes de sciences humaines et sociales) une certaine app\u00e9tence pour les statistiques et les math\u00e9matiques (un bon niveau dans ces mati\u00e8res au lyc\u00e9e est recommand\u00e9). Pour les \u00e9tudiant(e)s de Centrale Lille (ou d\u2019autres formations \u00e9quivalentes), il est attendu un r\u00e9el int\u00e9r\u00eat pour les sciences sociales.<\/p>\n\n\n\n<div style=\"height:27px\" aria-hidden=\"true\" class=\"wp-block-spacer\"><\/div>\n\n\n\n<p><\/p>\n\n\n\n<p class=\"has-medium-font-size\"><strong>Qu\u2019en est-il des frais d\u2019inscription ?<\/strong><\/p>\n\n\n\n<p>Les \u00e9tudiant(e)s de Sciences Po Lille (admis en premier ou second cycle) sont inscrit(e)s administrativement dans les deux \u00e9tablissements (Sciences Po Lille et Centrale Lille). Ils et elles payent les frais d\u2019inscription en vigueur \u00e0 Sciences Po Lille (droits modul\u00e9s) et sont exon\u00e9r\u00e9(e)s des frais d\u2019inscription \u00e0 Centrale Lille. Les \u00e9tudiant(e)s de Centrale Lille sont inscrit(e)s administrativement dans les deux \u00e9tablissements. Ils et elles payent les frais d\u2019inscription en vigueur \u00e0 Centrale Lille et sont exon\u00e9r\u00e9(e)s des frais d\u2019inscription \u00e0 Sciences Po Lille.<\/p>\n\n\n\n<p class=\"has-medium-font-size\"><br><strong>Est-il possible d\u2019int\u00e9grer Soci\u00e9t\u00e9s Num\u00e9riques directement en M2 ?<\/strong><\/p>\n\n\n\n<p>Non, la formation dure (et a \u00e9t\u00e9 pens\u00e9e sur) deux ans. Il n\u2019est pas possible de l\u2019int\u00e9grer directement en M2.<\/p>\n\n\n\n<p class=\"has-medium-font-size\"><br><strong>La majeure s\u2019inscrit-elle dans la proc\u00e9dure de mutualisation inter-IEP ?<\/strong><\/p>\n\n\n\n<p>Non.<\/p>\n\n\n\n<p class=\"has-medium-font-size\"><br><strong>Je travaille depuis de nombreuses ann\u00e9es, mais je souhaite reprendre mes \u00e9tudes et int\u00e9grer cette formation. Est-ce possible ? Selon quelle proc\u00e9dure candidater ?<\/strong><\/p>\n\n\n\n<p>Si vous poss\u00e9dez un niveau Bac+3 (ou \u00e9quivalent), vous pouvez vous inscrire au concours d\u2019entr\u00e9e en quatri\u00e8me ann\u00e9e de Sciences Po Lille pour int\u00e9grer la majeure.<\/p>\n\n\n\n<p class=\"has-medium-font-size\"><br><strong>La formation est-elle en apprentissage ?<\/strong><\/p>\n\n\n\n<p>Non, Soci\u00e9t\u00e9s Num\u00e9riques n\u2019est pas une formation ouverte \u00e0 l\u2019apprentissage.<\/p>\n","protected":false},"excerpt":{"rendered":"<p>Foire aux Questions Comment int\u00e9grer la majeure Soci\u00e9t\u00e9s Num\u00e9riques ? Si vous \u00eates inscrit(e) \u00e0 Sciences Po Lille en premier cycle : l\u2019admission se fait dans le cadre de la proc\u00e9dure commune d\u2019affectation en cycle master (\u00e9valuation du dossier de motivation), suivi d\u2019un oral d\u2019admission. \u00c0 noter que seuls les \u00e9tudiant(e) issu(e)s de la fili\u00e8re [&hellip;]<\/p>\n","protected":false},"author":1,"featured_media":0,"parent":0,"menu_order":0,"comment_status":"closed","ping_status":"closed","template":"","meta":{"_seopress_robots_primary_cat":"","_seopress_titles_title":"","_seopress_titles_desc":"","_seopress_robots_index":"","ocean_post_layout":"","ocean_both_sidebars_style":"","ocean_both_sidebars_content_width":0,"ocean_both_sidebars_sidebars_width":0,"ocean_sidebar":"","ocean_second_sidebar":"","ocean_disable_margins":"enable","ocean_add_body_class":"","ocean_shortcode_before_top_bar":"","ocean_shortcode_after_top_bar":"","ocean_shortcode_before_header":"","ocean_shortcode_after_header":"","ocean_has_shortcode":"","ocean_shortcode_after_title":"","ocean_shortcode_before_footer_widgets":"","ocean_shortcode_after_footer_widgets":"","ocean_shortcode_before_footer_bottom":"","ocean_shortcode_after_footer_bottom":"","ocean_display_top_bar":"default","ocean_display_header":"default","ocean_header_style":"","ocean_center_header_left_menu":"","ocean_custom_header_template":"","ocean_custom_logo":0,"ocean_custom_retina_logo":0,"ocean_custom_logo_max_width":0,"ocean_custom_logo_tablet_max_width":0,"ocean_custom_logo_mobile_max_width":0,"ocean_custom_logo_max_height":0,"ocean_custom_logo_tablet_max_height":0,"ocean_custom_logo_mobile_max_height":0,"ocean_header_custom_menu":"","ocean_menu_typo_font_family":"","ocean_menu_typo_font_subset":"","ocean_menu_typo_font_size":0,"ocean_menu_typo_font_size_tablet":0,"ocean_menu_typo_font_size_mobile":0,"ocean_menu_typo_font_size_unit":"px","ocean_menu_typo_font_weight":"","ocean_menu_typo_font_weight_tablet":"","ocean_menu_typo_font_weight_mobile":"","ocean_menu_typo_transform":"","ocean_menu_typo_transform_tablet":"","ocean_menu_typo_transform_mobile":"","ocean_menu_typo_line_height":0,"ocean_menu_typo_line_height_tablet":0,"ocean_menu_typo_line_height_mobile":0,"ocean_menu_typo_line_height_unit":"","ocean_menu_typo_spacing":0,"ocean_menu_typo_spacing_tablet":0,"ocean_menu_typo_spacing_mobile":0,"ocean_menu_typo_spacing_unit":"","ocean_menu_link_color":"","ocean_menu_link_color_hover":"","ocean_menu_link_color_active":"","ocean_menu_link_background":"","ocean_menu_link_hover_background":"","ocean_menu_link_active_background":"","ocean_menu_social_links_bg":"","ocean_menu_social_hover_links_bg":"","ocean_menu_social_links_color":"","ocean_menu_social_hover_links_color":"","ocean_disable_title":"default","ocean_disable_heading":"default","ocean_post_title":"","ocean_post_subheading":"","ocean_post_title_style":"","ocean_post_title_background_color":"","ocean_post_title_background":0,"ocean_post_title_bg_image_position":"","ocean_post_title_bg_image_attachment":"","ocean_post_title_bg_image_repeat":"","ocean_post_title_bg_image_size":"","ocean_post_title_height":0,"ocean_post_title_bg_overlay":0.5,"ocean_post_title_bg_overlay_color":"","ocean_disable_breadcrumbs":"default","ocean_breadcrumbs_color":"","ocean_breadcrumbs_separator_color":"","ocean_breadcrumbs_links_color":"","ocean_breadcrumbs_links_hover_color":"","ocean_display_footer_widgets":"default","ocean_display_footer_bottom":"default","ocean_custom_footer_template":"","footnotes":""},"class_list":["post-84","page","type-page","status-publish","hentry","entry"],"_links":{"self":[{"href":"https:\/\/sn.sciencespo-lille.eu\/index.php\/wp-json\/wp\/v2\/pages\/84","targetHints":{"allow":["GET"]}}],"collection":[{"href":"https:\/\/sn.sciencespo-lille.eu\/index.php\/wp-json\/wp\/v2\/pages"}],"about":[{"href":"https:\/\/sn.sciencespo-lille.eu\/index.php\/wp-json\/wp\/v2\/types\/page"}],"author":[{"embeddable":true,"href":"https:\/\/sn.sciencespo-lille.eu\/index.php\/wp-json\/wp\/v2\/users\/1"}],"replies":[{"embeddable":true,"href":"https:\/\/sn.sciencespo-lille.eu\/index.php\/wp-json\/wp\/v2\/comments?post=84"}],"version-history":[{"count":11,"href":"https:\/\/sn.sciencespo-lille.eu\/index.php\/wp-json\/wp\/v2\/pages\/84\/revisions"}],"predecessor-version":[{"id":252,"href":"https:\/\/sn.sciencespo-lille.eu\/index.php\/wp-json\/wp\/v2\/pages\/84\/revisions\/252"}],"wp:attachment":[{"href":"https:\/\/sn.sciencespo-lille.eu\/index.php\/wp-json\/wp\/v2\/media?parent=84"}],"curies":[{"name":"wp","href":"https:\/\/api.w.org\/{rel}","templated":true}]}}